{"id":910,"date":"2022-01-26T11:09:35","date_gmt":"2022-01-26T11:09:35","guid":{"rendered":"https:\/\/www.nicerent.pt\/conditions-de-location\/"},"modified":"2026-02-16T10:59:53","modified_gmt":"2026-02-16T10:59:53","slug":"conditions-de-location","status":"publish","type":"page","link":"https:\/\/www.nicerent.pt\/fr\/conditions-de-location\/","title":{"rendered":"Conditions de location"},"content":{"rendered":"<p>[et_pb_section fb_built=\u00a0\u00bb1&Prime; _builder_version=\u00a0\u00bb4.16&Prime; _module_preset=\u00a0\u00bbdefault\u00a0\u00bb background_image=\u00a0\u00bbhttps:\/\/www.nicerent.pt\/wp-content\/uploads\/2022\/01\/shutterstock_563547148_copia.jpg\u00a0\u00bb custom_padding=\u00a0\u00bb175px||175px|||\u00a0\u00bb global_colors_info=\u00a0\u00bb{}\u00a0\u00bb][\/et_pb_section][et_pb_section fb_built=\u00a0\u00bb1&Prime; _builder_version=\u00a0\u00bb4.16&Prime; _module_preset=\u00a0\u00bbdefault\u00a0\u00bb global_colors_info=\u00a0\u00bb{}\u00a0\u00bb][et_pb_row _builder_version=\u00a0\u00bb4.16&Prime; _module_preset=\u00a0\u00bbdefault\u00a0\u00bb global_colors_info=\u00a0\u00bb{}\u00a0\u00bb][et_pb_column type=\u00a0\u00bb4_4&Prime; _builder_version=\u00a0\u00bb4.16&Prime; _module_preset=\u00a0\u00bbdefault\u00a0\u00bb global_colors_info=\u00a0\u00bb{}\u00a0\u00bb][et_pb_text _builder_version=\u00a0\u00bb4.16&Prime; _module_preset=\u00a0\u00bbdefault\u00a0\u00bb header_2_font=\u00a0\u00bbNunito Sans|900||on|||||\u00a0\u00bb header_2_text_align=\u00a0\u00bbcenter\u00a0\u00bb global_colors_info=\u00a0\u00bb{}\u00a0\u00bb]<\/p>\n<h2>Conditions de location<\/h2>\n<p>[\/et_pb_text][et_pb_text _builder_version=\u00a0\u00bb4.19.5&Prime; _module_preset=\u00a0\u00bbdefault\u00a0\u00bb text_text_color=\u00a0\u00bb#000000&Prime; custom_padding=\u00a0\u00bb1px|||||\u00a0\u00bb global_colors_info=\u00a0\u00bb{}\u00a0\u00bb]<\/p>\n<p><strong>Dur\u00e9e de location<\/strong><\/p>\n<p>La dur\u00e9e de location est de 24 heures. Nice Rent accorde une tol\u00e9rance de 3 heures entre l&rsquo;heure de livraison et l&rsquo;heure de restitution. Pass\u00e9 ce d\u00e9lai, une journ\u00e9e suppl\u00e9mentaire sera factur\u00e9e. Les locations pour des dur\u00e9es inf\u00e9rieures \u00e0 3 jours sont soumises \u00e0 confirmation.   <\/p>\n<p><strong>Conditions d&rsquo;\u00e2ge pour la location<\/strong><\/p>\n<p>\u00c2ge minimum requis : 21 ans avec 1 an d&rsquo;exp\u00e9rience.<br \/>Entre 21 et 23 ans, un suppl\u00e9ment de 25,00 euros par location sera factur\u00e9.<br \/>Il n&rsquo;y a pas de limite d&rsquo;\u00e2ge pour la location, \u00e0 condition que le client dispose d&rsquo;un permis de conduire valide.<\/p>\n<p><strong>Permis de conduire international :<\/strong><\/p>\n<p>Si votre permis de conduire est r\u00e9dig\u00e9 en arabe, chinois, japonais, cyrillique ou dans une autre langue, un permis international vous sera demand\u00e9.<\/p>\n<p><strong>Conducteur suppl\u00e9mentaire<\/strong><\/p>\n<p>Conducteur suppl\u00e9mentaire = 15,00 euros par location (3e conducteur gratuit)<\/p>\n<p><strong>Paiement<\/strong><\/p>\n<p>Une carte de cr\u00e9dit au nom du conducteur sera exig\u00e9e \u00e0 titre de caution. Nous n&rsquo;acceptons pas les cartes pr\u00e9pay\u00e9es, virtuelles ou rechargeables. Nous acceptons les cartes de d\u00e9bit (Visa et Mastercard).  <\/p>\n<p><strong>Assurance<\/strong><\/p>\n<p>Tous les v\u00e9hicules sont assur\u00e9s avec une franchise variable selon le groupe :<\/p>\n<table width=\"448\">\n<tbody>\n<tr>\n<td width=\"75\">\n<p>A &#8211; B<\/p>\n<\/td>\n<td width=\"75\">\n<p>B1 &#8211; C &#8211; C1 &#8211; E &#8211; H1<\/p>\n<\/td>\n<td width=\"75\">\n<p>G &#8211; G1<\/p>\n<\/td>\n<td width=\"75\">\n<p>J1 &#8211; L1<\/p>\n<\/td>\n<td width=\"75\">\n<p>K &#8211; K1<\/p>\n<\/td>\n<td width=\"75\">\n<p>O<\/p>\n<\/td>\n<\/tr>\n<tr>\n<td width=\"75\">\n<p>1000,00 \u20ac<\/p>\n<\/td>\n<td width=\"75\">\n<p>1 500,00 \u20ac<\/p>\n<\/td>\n<td width=\"75\">\n<p>2000,00 \u20ac<\/p>\n<\/td>\n<td width=\"75\">\n<p>2500,00 \u20ac<\/p>\n<\/td>\n<td width=\"75\">\n<p>3000,00 \u20ac<\/p>\n<\/td>\n<td width=\"75\">\n<p>4 500,00 \u20ac<\/p>\n<\/td>\n<\/tr>\n<\/tbody>\n<\/table>\n<p>&nbsp;<\/p>\n<p>Si vous souhaitez \u00eatre exempt\u00e9 de la responsabilit\u00e9 du montant de la franchise, vous pouvez souscrire une assurance suppl\u00e9mentaire (SCDW). Le montant ci-dessous correspond \u00e0 un jour de location :<\/p>\n<table width=\"448\">\n<tbody>\n<tr>\n<td width=\"75\">\n<p>A &#8211; B<\/p>\n<\/td>\n<td width=\"75\">\n<p>B1 &#8211; C &#8211; C1 &#8211; E &#8211; H1<\/p>\n<\/td>\n<td width=\"75\">\n<p>G &#8211; G1 <\/p>\n<\/td>\n<td width=\"75\">\n<p>J1 &#8211; L1<\/p>\n<\/td>\n<td width=\"75\">\n<p>K &#8211; K1<\/p>\n<\/td>\n<td width=\"75\">\n<p>O <\/p>\n<\/td>\n<\/tr>\n<tr>\n<td width=\"75\">\n<p>10,00 \u20ac<\/p>\n<\/td>\n<td width=\"75\">\n<p>15,00 \u20ac<\/p>\n<\/td>\n<td width=\"75\">\n<p>20,00 \u20ac<\/p>\n<\/td>\n<td width=\"75\">\n<p>25,00 \u20ac<\/p>\n<\/td>\n<td width=\"75\">\n<p>30,00 \u20ac<\/p>\n<\/td>\n<td width=\"75\">\n<p>45,00 \u20ac<\/p>\n<\/td>\n<\/tr>\n<\/tbody>\n<\/table>\n<p>&nbsp;<\/p>\n<p>La conduite consid\u00e9r\u00e9e comme n\u00e9gligente, sous l&rsquo;effet et l&rsquo;influence de l&rsquo;alcool ou de drogues, entra\u00eenera l&rsquo;annulation de toutes les assurances, le client \u00e9tant tenu responsable de l&rsquo;int\u00e9gralit\u00e9 des dommages caus\u00e9s \u00e0 notre v\u00e9hicule ainsi que<\/p>\n<p><strong>Kilom\u00e9trage<\/strong><\/p>\n<p>La location comprend un kilom\u00e9trage illimit\u00e9.<\/p>\n<p><strong>Chaises pour enfants<\/strong><\/p>\n<p>Siege pour les enfants disponible a partir de 20.00 euros para location.<\/p>\n<p>&nbsp;<\/p>\n<p><strong>GPS \u2013 Syst\u00e8me de navigation<\/strong><\/p>\n<p>Disponible a partir de 5.00 euros et 50.00 maxim pour location.<\/p>\n<p><strong>Carburant<\/strong><\/p>\n<p>Nos v\u00e9hicules sont livr\u00e9s avec le plein d&rsquo;essence et doivent \u00eatre restitu\u00e9s dans le m\u00eame \u00e9tat. Si ce n&rsquo;est pas le cas, Nice Rent pourra facturer des frais de 15,00 euros \u00e0 cet effet. <\/p>\n<p><strong>Taxe d&rsquo;a\u00e9roport <\/strong><\/p>\n<p>La taxe de service d\u00b4aeroport coute 10.00 par service.<\/p>\n<p><strong>Hors des heures d&rsquo;ouverture<\/strong><\/p>\n<p>Services de 20.00 de la nuit a 8.00 du matin, coute extra 25.00 euros par service. <\/p>\n<p><strong>Fronti\u00e8re espagnole<\/strong><\/p>\n<p>Allez a l\u00b4 Espagne coute extra 30.00 euros para location. <\/p>\n<p><strong>Amendes routi\u00e8res<\/strong><\/p>\n<p>Le traitement administratif des amendes routi\u00e8res entra\u00eenera un co\u00fbt suppl\u00e9mentaire de 30.00 euros et n\u00b4inclut pas le montant de l\u00b4amende. <\/p>\n<p><strong>P\u00e9ages (VIA-VERDE)<\/strong><\/p>\n<p>O servi\u00e7o de portagens \u00e9 obrigat\u00f3rio no levantamento da viatura. Este servi\u00e7o custa 5.00 euros por aluguer. Ap\u00f3s o termo do aluguer, ser\u00e3o debitadas no cart\u00e3o do cliente, todos os valores respeitantes \u00e1 utiliza\u00e7\u00e3o do sistema da Via-Verde.  <\/p>\n<p><strong>Acidentes <\/strong><\/p>\n<p>En cas d&rsquo;accident, Nice Rent exige que vous nous contactiez. Elle exige \u00e9galement que vous remplissiez le constat d&rsquo;accident qui se trouve parmi les documents du v\u00e9hicule. En cas de doute quant \u00e0 la responsabilit\u00e9 de l&rsquo;accident, nous vous sugg\u00e9rons de demander l&rsquo;intervention des autorit\u00e9s.  <\/p>\n<p>[\/et_pb_text][\/et_pb_column][\/et_pb_row][\/et_pb_section][et_pb_section fb_built=\u00a0\u00bb1&Prime; _builder_version=\u00a0\u00bb4.14.7&Prime; _module_preset=\u00a0\u00bbdefault\u00a0\u00bb background_color=\u00a0\u00bb#D3A613&Prime; custom_padding=\u00a0\u00bb18px||18px|||\u00a0\u00bb global_module=\u00a0\u00bb93&Prime; saved_tabs=\u00a0\u00bball\u00a0\u00bb global_colors_info=\u00a0\u00bb{}\u00a0\u00bb][et_pb_row column_structure=\u00a0\u00bb1_2,1_4,1_4&Prime; _builder_version=\u00a0\u00bb4.16&Prime; _module_preset=\u00a0\u00bbdefault\u00a0\u00bb width=\u00a0\u00bb90%\u00a0\u00bb custom_padding=\u00a0\u00bb15px||15px||false|false\u00a0\u00bb global_colors_info=\u00a0\u00bb{}\u00a0\u00bb][et_pb_column type=\u00a0\u00bb1_2&Prime; _builder_version=\u00a0\u00bb4.16&Prime; _module_preset=\u00a0\u00bbdefault\u00a0\u00bb global_colors_info=\u00a0\u00bb{}\u00a0\u00bb][et_pb_text _builder_version=\u00a0\u00bb4.25.1&Prime; _module_preset=\u00a0\u00bbdefault\u00a0\u00bb header_3_font=\u00a0\u00bbNunito Sans|900||on|||||\u00a0\u00bb header_3_text_color=\u00a0\u00bb#FFFFFF\u00a0\u00bb custom_margin=\u00a0\u00bb20px||||false|false\u00a0\u00bb header_3_text_align_tablet=\u00a0\u00bbcenter\u00a0\u00bb header_3_text_align_phone=\u00a0\u00bbcenter\u00a0\u00bb header_3_text_align_last_edited=\u00a0\u00bbon|tablet\u00a0\u00bb global_colors_info=\u00a0\u00bb{}\u00a0\u00bb]<\/p>\n<h3>A des questions? Parlez-nous!<\/h3>\n<p>[\/et_pb_text][\/et_pb_column][et_pb_column type=\u00a0\u00bb1_4&Prime; _builder_version=\u00a0\u00bb4.16&Prime; _module_preset=\u00a0\u00bbdefault\u00a0\u00bb global_colors_info=\u00a0\u00bb{}\u00a0\u00bb][et_pb_blurb title=\u00a0\u00bb+351 912 562 700&Prime; url=\u00a0\u00bbtel:00351912562700&Prime; use_icon=\u00a0\u00bbon\u00a0\u00bb font_icon=\u00a0\u00bb&#xe090;||divi||400&Prime; icon_color=\u00a0\u00bb#252525&Prime; icon_placement=\u00a0\u00bbleft\u00a0\u00bb image_icon_width=\u00a0\u00bb26px\u00a0\u00bb module_class=\u00a0\u00bbtelefone_questoes\u00a0\u00bb _builder_version=\u00a0\u00bb4.25.1&Prime; _module_preset=\u00a0\u00bbdefault\u00a0\u00bb header_level=\u00a0\u00bbh3&Prime; header_font=\u00a0\u00bbNunito Sans|900|||||||\u00a0\u00bb header_text_color=\u00a0\u00bb#FFFFFF\u00a0\u00bb header_font_size=\u00a0\u00bb22px\u00a0\u00bb custom_margin=\u00a0\u00bb20px||||false|false\u00a0\u00bb header_text_align_last_edited=\u00a0\u00bboff|phone\u00a0\u00bb global_colors_info=\u00a0\u00bb{}\u00a0\u00bb custom_css_main_element_last_edited=\u00a0\u00bbon|phone\u00a0\u00bb][\/et_pb_blurb][\/et_pb_column][et_pb_column type=\u00a0\u00bb1_4&Prime; _builder_version=\u00a0\u00bb4.16&Prime; _module_preset=\u00a0\u00bbdefault\u00a0\u00bb global_colors_info=\u00a0\u00bb{}\u00a0\u00bb][et_pb_button button_url=\u00a0\u00bb@ET-DC@eyJkeW5hbWljIjp0cnVlLCJjb250ZW50IjoicG9zdF9saW5rX3VybF9wYWdlIiwic2V0dGluZ3MiOnsicG9zdF9pZCI6IjIwIiwiZW5hYmxlX2h0bWwiOiJvZmYifX0=@\u00a0\u00bb button_text=\u00a0\u00bbContactez nous\u00a0\u00bb button_alignment=\u00a0\u00bbcenter\u00a0\u00bb _builder_version=\u00a0\u00bb4.19.5&Prime; _dynamic_attributes=\u00a0\u00bbbutton_url\u00a0\u00bb _module_preset=\u00a0\u00bbdefault\u00a0\u00bb custom_button=\u00a0\u00bbon\u00a0\u00bb button_text_size=\u00a0\u00bb18px\u00a0\u00bb button_text_color=\u00a0\u00bb#FFFFFF\u00a0\u00bb button_bg_color=\u00a0\u00bb#252525&Prime; button_border_width=\u00a0\u00bb0px\u00a0\u00bb button_border_radius=\u00a0\u00bb50px\u00a0\u00bb button_font=\u00a0\u00bbNunito Sans|900||on|||||\u00a0\u00bb button_use_icon=\u00a0\u00bboff\u00a0\u00bb custom_margin=\u00a0\u00bb2px|||||\u00a0\u00bb custom_padding=\u00a0\u00bb15px|30px|15px|30px|true|true\u00a0\u00bb global_colors_info=\u00a0\u00bb{}\u00a0\u00bb][\/et_pb_button][\/et_pb_column][\/et_pb_row][\/et_pb_section]<\/p>\n","protected":false},"excerpt":{"rendered":"<p>Conditions de locationDur\u00e9e de location La dur\u00e9e de location est de 24 heures. Nice Rent accorde une tol\u00e9rance de 3 heures entre l&rsquo;heure de livraison et l&rsquo;heure de restitution. Pass\u00e9 ce d\u00e9lai, une journ\u00e9e suppl\u00e9mentaire sera factur\u00e9e. Les locations pour des dur\u00e9es inf\u00e9rieures \u00e0 3 jours sont soumises \u00e0 confirmation. Conditions d&rsquo;\u00e2ge pour la location [&hellip;]<\/p>\n","protected":false},"author":1,"featured_media":0,"parent":0,"menu_order":0,"comment_status":"closed","ping_status":"closed","template":"","meta":{"_et_pb_use_builder":"on","_et_pb_old_content":"","_et_gb_content_width":"","inline_featured_image":false,"footnotes":""},"class_list":["post-910","page","type-page","status-publish","hentry"],"yoast_head":"<!-- This site is optimized with the Yoast SEO plugin v27.4 - https:\/\/yoast.com\/product\/yoast-seo-wordpress\/ -->\n<title>Conditions de location - Nice Rent<\/title>\n<meta name=\"robots\" content=\"index, follow, max-snippet:-1, max-image-preview:large, max-video-preview:-1\" \/>\n<link rel=\"canonical\" href=\"https:\/\/www.nicerent.pt\/fr\/conditions-de-location\/\" \/>\n<meta property=\"og:locale\" content=\"fr_FR\" \/>\n<meta property=\"og:type\" content=\"article\" \/>\n<meta property=\"og:title\" content=\"Conditions de location - Nice Rent\" \/>\n<meta property=\"og:description\" content=\"Conditions de locationDur\u00e9e de location La dur\u00e9e de location est de 24 heures. Nice Rent accorde une tol\u00e9rance de 3 heures entre l&#039;heure de livraison et l&#039;heure de restitution. Pass\u00e9 ce d\u00e9lai, une journ\u00e9e suppl\u00e9mentaire sera factur\u00e9e. Les locations pour des dur\u00e9es inf\u00e9rieures \u00e0 3 jours sont soumises \u00e0 confirmation. Conditions d&#039;\u00e2ge pour la location [&hellip;]\" \/>\n<meta property=\"og:url\" content=\"https:\/\/www.nicerent.pt\/fr\/conditions-de-location\/\" \/>\n<meta property=\"og:site_name\" content=\"Nice Rent\" \/>\n<meta property=\"article:publisher\" content=\"https:\/\/www.facebook.com\/nicerentalgarve\" \/>\n<meta property=\"article:modified_time\" content=\"2026-02-16T10:59:53+00:00\" \/>\n<meta property=\"og:image\" content=\"https:\/\/www.nicerent.pt\/wp-content\/uploads\/2022\/01\/shutterstock_1396507892.jpg\" \/>\n\t<meta property=\"og:image:width\" content=\"1920\" \/>\n\t<meta property=\"og:image:height\" content=\"700\" \/>\n\t<meta property=\"og:image:type\" content=\"image\/jpeg\" \/>\n<meta name=\"twitter:card\" content=\"summary_large_image\" \/>\n<meta name=\"twitter:label1\" content=\"Dur\u00e9e de lecture estim\u00e9e\" \/>\n\t<meta name=\"twitter:data1\" content=\"5 minutes\" \/>\n<script type=\"application\/ld+json\" class=\"yoast-schema-graph\">{\"@context\":\"https:\\\/\\\/schema.org\",\"@graph\":[{\"@type\":\"WebPage\",\"@id\":\"https:\\\/\\\/www.nicerent.pt\\\/fr\\\/conditions-de-location\\\/\",\"url\":\"https:\\\/\\\/www.nicerent.pt\\\/fr\\\/conditions-de-location\\\/\",\"name\":\"Conditions de location - Nice Rent\",\"isPartOf\":{\"@id\":\"https:\\\/\\\/www.nicerent.pt\\\/#website\"},\"datePublished\":\"2022-01-26T11:09:35+00:00\",\"dateModified\":\"2026-02-16T10:59:53+00:00\",\"breadcrumb\":{\"@id\":\"https:\\\/\\\/www.nicerent.pt\\\/fr\\\/conditions-de-location\\\/#breadcrumb\"},\"inLanguage\":\"fr-FR\",\"potentialAction\":[{\"@type\":\"ReadAction\",\"target\":[\"https:\\\/\\\/www.nicerent.pt\\\/fr\\\/conditions-de-location\\\/\"]}]},{\"@type\":\"BreadcrumbList\",\"@id\":\"https:\\\/\\\/www.nicerent.pt\\\/fr\\\/conditions-de-location\\\/#breadcrumb\",\"itemListElement\":[{\"@type\":\"ListItem\",\"position\":1,\"name\":\"In\u00edcio\",\"item\":\"https:\\\/\\\/www.nicerent.pt\\\/fr\\\/home\\\/\"},{\"@type\":\"ListItem\",\"position\":2,\"name\":\"Conditions de location\"}]},{\"@type\":\"WebSite\",\"@id\":\"https:\\\/\\\/www.nicerent.pt\\\/#website\",\"url\":\"https:\\\/\\\/www.nicerent.pt\\\/\",\"name\":\"Nice Rent\",\"description\":\"A sua rent a car de confian\u00e7a\",\"publisher\":{\"@id\":\"https:\\\/\\\/www.nicerent.pt\\\/#organization\"},\"potentialAction\":[{\"@type\":\"SearchAction\",\"target\":{\"@type\":\"EntryPoint\",\"urlTemplate\":\"https:\\\/\\\/www.nicerent.pt\\\/?s={search_term_string}\"},\"query-input\":{\"@type\":\"PropertyValueSpecification\",\"valueRequired\":true,\"valueName\":\"search_term_string\"}}],\"inLanguage\":\"fr-FR\"},{\"@type\":\"Organization\",\"@id\":\"https:\\\/\\\/www.nicerent.pt\\\/#organization\",\"name\":\"Nice Rent\",\"url\":\"https:\\\/\\\/www.nicerent.pt\\\/\",\"logo\":{\"@type\":\"ImageObject\",\"inLanguage\":\"fr-FR\",\"@id\":\"https:\\\/\\\/www.nicerent.pt\\\/#\\\/schema\\\/logo\\\/image\\\/\",\"url\":\"https:\\\/\\\/www.nicerent.pt\\\/wp-content\\\/uploads\\\/2022\\\/01\\\/NICE-RENT-sem-fundo.png\",\"contentUrl\":\"https:\\\/\\\/www.nicerent.pt\\\/wp-content\\\/uploads\\\/2022\\\/01\\\/NICE-RENT-sem-fundo.png\",\"width\":436,\"height\":352,\"caption\":\"Nice Rent\"},\"image\":{\"@id\":\"https:\\\/\\\/www.nicerent.pt\\\/#\\\/schema\\\/logo\\\/image\\\/\"},\"sameAs\":[\"https:\\\/\\\/www.facebook.com\\\/nicerentalgarve\"]}]}<\/script>\n<!-- \/ Yoast SEO plugin. -->","yoast_head_json":{"title":"Conditions de location - Nice Rent","robots":{"index":"index","follow":"follow","max-snippet":"max-snippet:-1","max-image-preview":"max-image-preview:large","max-video-preview":"max-video-preview:-1"},"canonical":"https:\/\/www.nicerent.pt\/fr\/conditions-de-location\/","og_locale":"fr_FR","og_type":"article","og_title":"Conditions de location - Nice Rent","og_description":"Conditions de locationDur\u00e9e de location La dur\u00e9e de location est de 24 heures. Nice Rent accorde une tol\u00e9rance de 3 heures entre l'heure de livraison et l'heure de restitution. Pass\u00e9 ce d\u00e9lai, une journ\u00e9e suppl\u00e9mentaire sera factur\u00e9e. Les locations pour des dur\u00e9es inf\u00e9rieures \u00e0 3 jours sont soumises \u00e0 confirmation. Conditions d'\u00e2ge pour la location [&hellip;]","og_url":"https:\/\/www.nicerent.pt\/fr\/conditions-de-location\/","og_site_name":"Nice Rent","article_publisher":"https:\/\/www.facebook.com\/nicerentalgarve","article_modified_time":"2026-02-16T10:59:53+00:00","og_image":[{"width":1920,"height":700,"url":"https:\/\/www.nicerent.pt\/wp-content\/uploads\/2022\/01\/shutterstock_1396507892.jpg","type":"image\/jpeg"}],"twitter_card":"summary_large_image","twitter_misc":{"Dur\u00e9e de lecture estim\u00e9e":"5 minutes"},"schema":{"@context":"https:\/\/schema.org","@graph":[{"@type":"WebPage","@id":"https:\/\/www.nicerent.pt\/fr\/conditions-de-location\/","url":"https:\/\/www.nicerent.pt\/fr\/conditions-de-location\/","name":"Conditions de location - Nice Rent","isPartOf":{"@id":"https:\/\/www.nicerent.pt\/#website"},"datePublished":"2022-01-26T11:09:35+00:00","dateModified":"2026-02-16T10:59:53+00:00","breadcrumb":{"@id":"https:\/\/www.nicerent.pt\/fr\/conditions-de-location\/#breadcrumb"},"inLanguage":"fr-FR","potentialAction":[{"@type":"ReadAction","target":["https:\/\/www.nicerent.pt\/fr\/conditions-de-location\/"]}]},{"@type":"BreadcrumbList","@id":"https:\/\/www.nicerent.pt\/fr\/conditions-de-location\/#breadcrumb","itemListElement":[{"@type":"ListItem","position":1,"name":"In\u00edcio","item":"https:\/\/www.nicerent.pt\/fr\/home\/"},{"@type":"ListItem","position":2,"name":"Conditions de location"}]},{"@type":"WebSite","@id":"https:\/\/www.nicerent.pt\/#website","url":"https:\/\/www.nicerent.pt\/","name":"Nice Rent","description":"A sua rent a car de confian\u00e7a","publisher":{"@id":"https:\/\/www.nicerent.pt\/#organization"},"potentialAction":[{"@type":"SearchAction","target":{"@type":"EntryPoint","urlTemplate":"https:\/\/www.nicerent.pt\/?s={search_term_string}"},"query-input":{"@type":"PropertyValueSpecification","valueRequired":true,"valueName":"search_term_string"}}],"inLanguage":"fr-FR"},{"@type":"Organization","@id":"https:\/\/www.nicerent.pt\/#organization","name":"Nice Rent","url":"https:\/\/www.nicerent.pt\/","logo":{"@type":"ImageObject","inLanguage":"fr-FR","@id":"https:\/\/www.nicerent.pt\/#\/schema\/logo\/image\/","url":"https:\/\/www.nicerent.pt\/wp-content\/uploads\/2022\/01\/NICE-RENT-sem-fundo.png","contentUrl":"https:\/\/www.nicerent.pt\/wp-content\/uploads\/2022\/01\/NICE-RENT-sem-fundo.png","width":436,"height":352,"caption":"Nice Rent"},"image":{"@id":"https:\/\/www.nicerent.pt\/#\/schema\/logo\/image\/"},"sameAs":["https:\/\/www.facebook.com\/nicerentalgarve"]}]}},"_links":{"self":[{"href":"https:\/\/www.nicerent.pt\/fr\/wp-json\/wp\/v2\/pages\/910","targetHints":{"allow":["GET"]}}],"collection":[{"href":"https:\/\/www.nicerent.pt\/fr\/wp-json\/wp\/v2\/pages"}],"about":[{"href":"https:\/\/www.nicerent.pt\/fr\/wp-json\/wp\/v2\/types\/page"}],"author":[{"embeddable":true,"href":"https:\/\/www.nicerent.pt\/fr\/wp-json\/wp\/v2\/users\/1"}],"replies":[{"embeddable":true,"href":"https:\/\/www.nicerent.pt\/fr\/wp-json\/wp\/v2\/comments?post=910"}],"version-history":[{"count":0,"href":"https:\/\/www.nicerent.pt\/fr\/wp-json\/wp\/v2\/pages\/910\/revisions"}],"wp:attachment":[{"href":"https:\/\/www.nicerent.pt\/fr\/wp-json\/wp\/v2\/media?parent=910"}],"curies":[{"name":"wp","href":"https:\/\/api.w.org\/{rel}","templated":true}]}}