{"id":893,"date":"2022-01-26T11:10:31","date_gmt":"2022-01-26T11:10:31","guid":{"rendered":"https:\/\/www.nicerent.pt\/algarve-lovers-club-de-fidelite\/"},"modified":"2026-02-09T11:19:00","modified_gmt":"2026-02-09T11:19:00","slug":"algarve-lovers-club-de-fidelite","status":"publish","type":"page","link":"https:\/\/www.nicerent.pt\/fr\/algarve-lovers-club-de-fidelite\/","title":{"rendered":"Algarve Lover&rsquo;s &#8211; Club de fid\u00e9lit\u00e9"},"content":{"rendered":"<p>[et_pb_section fb_built=\u00a0\u00bb1&Prime; _builder_version=\u00a0\u00bb4.16&Prime; _module_preset=\u00a0\u00bbdefault\u00a0\u00bb background_image=\u00a0\u00bbhttps:\/\/www.nicerent.pt\/wp-content\/uploads\/2022\/01\/shutterstock_563547148_copia.jpg\u00a0\u00bb custom_padding=\u00a0\u00bb175px||175px|||\u00a0\u00bb global_colors_info=\u00a0\u00bb{}\u00a0\u00bb][\/et_pb_section][et_pb_section fb_built=\u00a0\u00bb1&Prime; _builder_version=\u00a0\u00bb4.16&Prime; _module_preset=\u00a0\u00bbdefault\u00a0\u00bb global_colors_info=\u00a0\u00bb{}\u00a0\u00bb][et_pb_row column_structure=\u00a0\u00bb3_5,2_5&Prime; _builder_version=\u00a0\u00bb4.25.1&Prime; _module_preset=\u00a0\u00bbdefault\u00a0\u00bb hover_enabled=\u00a0\u00bb0&Prime; global_colors_info=\u00a0\u00bb{}\u00a0\u00bb sticky_enabled=\u00a0\u00bb0&Prime;][et_pb_column type=\u00a0\u00bb3_5&Prime; _builder_version=\u00a0\u00bb4.16&Prime; _module_preset=\u00a0\u00bbdefault\u00a0\u00bb global_colors_info=\u00a0\u00bb{}\u00a0\u00bb][et_pb_text _builder_version=\u00a0\u00bb4.16&Prime; _module_preset=\u00a0\u00bbdefault\u00a0\u00bb header_2_font=\u00a0\u00bbNunito Sans|900||on|||||\u00a0\u00bb header_2_line_height=\u00a0\u00bb1.3em\u00a0\u00bb global_colors_info=\u00a0\u00bb{}\u00a0\u00bb]<\/p>\n<h2>Club de fid\u00e9lit\u00e9 WYLIE&rsquo;S<\/h2>\n<p>[\/et_pb_text][et_pb_text _builder_version=\u00a0\u00bb4.24.0&Prime; _module_preset=\u00a0\u00bbdefault\u00a0\u00bb global_colors_info=\u00a0\u00bb{}\u00a0\u00bb]<\/p>\n<p>La famille Wylie incarne parfaitement l&rsquo;esprit qui nous a pouss\u00e9s \u00e0 cr\u00e9er notre club de fid\u00e9lit\u00e9 !<\/p>\n<p>Drew et Pam visitent r\u00e9guli\u00e8rement l&rsquo;Algarve depuis les ann\u00e9es 70 et sont de v\u00e9ritables ambassadeurs de notre r\u00e9gion.<\/p>\n<p>Au fil des ans, ils sont devenus des amis proches de notre famille, tout comme tous leurs proches et amis, et sont devenus de grands supporters de notre entreprise.<\/p>\n<p>Malheureusement, Drew nous a quitt\u00e9s \u00e0 la fin de l&rsquo;ann\u00e9e 2023, laissant un grand vide dans nos c\u0153urs. Nous avons d\u00e9cid\u00e9 de lui rendre hommage en donnant son nom \u00e0 notre club de fid\u00e9lit\u00e9.<\/p>\n<p>____________________________________________________________________________________________<\/p>\n<p> \u00cates-vous un visiteur r\u00e9gulier de l&rsquo;Algarve ?<\/p>\n<p><span>Vous \u00eates propri\u00e9taire d&rsquo;un bien immobilier ou <\/span><em>d&rsquo;une multipropri\u00e9t\u00e9<\/em><span> <\/span>en Algarve et recevez la visite de votre famille, de vos amis ou d&rsquo;invit\u00e9s tout au long de l&rsquo;ann\u00e9e ?<\/p>\n<p>Rejoignez le<strong> Wylie\u00b4s Loyalty Club <\/strong>&#8211; notre club de fid\u00e9lit\u00e9, et profitez de nos conditions sp\u00e9ciales !<\/p>\n<p>[\/et_pb_text][et_pb_text _builder_version=\u00a0\u00bb4.16&Prime; _dynamic_attributes=\u00a0\u00bblink_option_url\u00a0\u00bb _module_preset=\u00a0\u00bbdefault\u00a0\u00bb text_font=\u00a0\u00bbNunito Sans|600|||||||\u00a0\u00bb text_text_color=\u00a0\u00bb#D3A613&Prime; text_font_size=\u00a0\u00bb16px\u00a0\u00bb link_font=\u00a0\u00bbNunito Sans|600|||||||\u00a0\u00bb link_option_url=\u00a0\u00bb@ET-DC@eyJkeW5hbWljIjp0cnVlLCJjb250ZW50IjoicG9zdF9saW5rX3VybF9wYWdlIiwic2V0dGluZ3MiOnsicG9zdF9pZCI6IjE2MyIsImVuYWJsZV9odG1sIjoib2ZmIn19@\u00a0\u00bb global_colors_info=\u00a0\u00bb{}\u00a0\u00bb link_text_color__hover_enabled=\u00a0\u00bbon|desktop\u00a0\u00bb link_text_color__hover=\u00a0\u00bb#252525&Prime; text_text_color__hover_enabled=\u00a0\u00bbon|desktop\u00a0\u00bb text_text_color__hover=\u00a0\u00bb#252525&Prime;]<\/p>\n<p>CONSULTEZ NOS CONDITIONS ICI<\/p>\n<p>[\/et_pb_text][\/et_pb_column][et_pb_column type=\u00a0\u00bb2_5&Prime; _builder_version=\u00a0\u00bb4.16&Prime; _module_preset=\u00a0\u00bbdefault\u00a0\u00bb global_colors_info=\u00a0\u00bb{}\u00a0\u00bb][et_pb_image src=\u00a0\u00bbhttps:\/\/www.nicerent.pt\/wp-content\/uploads\/2022\/01\/shutterstock_1452344408.jpg\u00a0\u00bb title_text=\u00a0\u00bbshutterstock_1452344408&Prime; _builder_version=\u00a0\u00bb4.16&Prime; _module_preset=\u00a0\u00bbdefault\u00a0\u00bb border_radii=\u00a0\u00bbon|20px|20px|20px|20px\u00a0\u00bb global_colors_info=\u00a0\u00bb{}\u00a0\u00bb][\/et_pb_image][\/et_pb_column][\/et_pb_row][\/et_pb_section][et_pb_section fb_built=\u00a0\u00bb1&Prime; _builder_version=\u00a0\u00bb4.14.7&Prime; _module_preset=\u00a0\u00bbdefault\u00a0\u00bb background_color=\u00a0\u00bb#D3A613&Prime; custom_padding=\u00a0\u00bb18px||18px|||\u00a0\u00bb global_module=\u00a0\u00bb93&Prime; saved_tabs=\u00a0\u00bball\u00a0\u00bb global_colors_info=\u00a0\u00bb{}\u00a0\u00bb][et_pb_row column_structure=\u00a0\u00bb1_2,1_4,1_4&Prime; _builder_version=\u00a0\u00bb4.16&Prime; _module_preset=\u00a0\u00bbdefault\u00a0\u00bb width=\u00a0\u00bb90%\u00a0\u00bb custom_padding=\u00a0\u00bb15px||15px||false|false\u00a0\u00bb global_colors_info=\u00a0\u00bb{}\u00a0\u00bb][et_pb_column type=\u00a0\u00bb1_2&Prime; _builder_version=\u00a0\u00bb4.16&Prime; _module_preset=\u00a0\u00bbdefault\u00a0\u00bb global_colors_info=\u00a0\u00bb{}\u00a0\u00bb][et_pb_text _builder_version=\u00a0\u00bb4.25.1&Prime; _module_preset=\u00a0\u00bbdefault\u00a0\u00bb header_3_font=\u00a0\u00bbNunito Sans|900||on|||||\u00a0\u00bb header_3_text_color=\u00a0\u00bb#FFFFFF\u00a0\u00bb custom_margin=\u00a0\u00bb20px||||false|false\u00a0\u00bb header_3_text_align_tablet=\u00a0\u00bbcenter\u00a0\u00bb header_3_text_align_phone=\u00a0\u00bbcenter\u00a0\u00bb header_3_text_align_last_edited=\u00a0\u00bbon|tablet\u00a0\u00bb global_colors_info=\u00a0\u00bb{}\u00a0\u00bb]<\/p>\n<h3>A des questions? Parlez-nous!<\/h3>\n<p>[\/et_pb_text][\/et_pb_column][et_pb_column type=\u00a0\u00bb1_4&Prime; _builder_version=\u00a0\u00bb4.16&Prime; _module_preset=\u00a0\u00bbdefault\u00a0\u00bb global_colors_info=\u00a0\u00bb{}\u00a0\u00bb][et_pb_blurb title=\u00a0\u00bb+351 912 562 700&Prime; url=\u00a0\u00bbtel:00351912562700&Prime; use_icon=\u00a0\u00bbon\u00a0\u00bb font_icon=\u00a0\u00bb&#xe090;||divi||400&Prime; icon_color=\u00a0\u00bb#252525&Prime; icon_placement=\u00a0\u00bbleft\u00a0\u00bb image_icon_width=\u00a0\u00bb26px\u00a0\u00bb module_class=\u00a0\u00bbtelefone_questoes\u00a0\u00bb _builder_version=\u00a0\u00bb4.25.1&Prime; _module_preset=\u00a0\u00bbdefault\u00a0\u00bb header_level=\u00a0\u00bbh3&Prime; header_font=\u00a0\u00bbNunito Sans|900|||||||\u00a0\u00bb header_text_color=\u00a0\u00bb#FFFFFF\u00a0\u00bb header_font_size=\u00a0\u00bb22px\u00a0\u00bb custom_margin=\u00a0\u00bb20px||||false|false\u00a0\u00bb header_text_align_last_edited=\u00a0\u00bboff|phone\u00a0\u00bb global_colors_info=\u00a0\u00bb{}\u00a0\u00bb custom_css_main_element_last_edited=\u00a0\u00bbon|phone\u00a0\u00bb][\/et_pb_blurb][\/et_pb_column][et_pb_column type=\u00a0\u00bb1_4&Prime; _builder_version=\u00a0\u00bb4.16&Prime; _module_preset=\u00a0\u00bbdefault\u00a0\u00bb global_colors_info=\u00a0\u00bb{}\u00a0\u00bb][et_pb_button button_url=\u00a0\u00bb@ET-DC@eyJkeW5hbWljIjp0cnVlLCJjb250ZW50IjoicG9zdF9saW5rX3VybF9wYWdlIiwic2V0dGluZ3MiOnsicG9zdF9pZCI6IjIwIiwiZW5hYmxlX2h0bWwiOiJvZmYifX0=@\u00a0\u00bb button_text=\u00a0\u00bbContactez nous\u00a0\u00bb button_alignment=\u00a0\u00bbcenter\u00a0\u00bb _builder_version=\u00a0\u00bb4.19.5&Prime; _dynamic_attributes=\u00a0\u00bbbutton_url\u00a0\u00bb _module_preset=\u00a0\u00bbdefault\u00a0\u00bb custom_button=\u00a0\u00bbon\u00a0\u00bb button_text_size=\u00a0\u00bb18px\u00a0\u00bb button_text_color=\u00a0\u00bb#FFFFFF\u00a0\u00bb button_bg_color=\u00a0\u00bb#252525&Prime; button_border_width=\u00a0\u00bb0px\u00a0\u00bb button_border_radius=\u00a0\u00bb50px\u00a0\u00bb button_font=\u00a0\u00bbNunito Sans|900||on|||||\u00a0\u00bb button_use_icon=\u00a0\u00bboff\u00a0\u00bb custom_margin=\u00a0\u00bb2px|||||\u00a0\u00bb custom_padding=\u00a0\u00bb15px|30px|15px|30px|true|true\u00a0\u00bb global_colors_info=\u00a0\u00bb{}\u00a0\u00bb][\/et_pb_button][\/et_pb_column][\/et_pb_row][\/et_pb_section]<\/p>\n","protected":false},"excerpt":{"rendered":"<p>Club de fid\u00e9lit\u00e9 WYLIE&rsquo;SLa famille Wylie incarne parfaitement l&rsquo;esprit qui nous a pouss\u00e9s \u00e0 cr\u00e9er notre club de fid\u00e9lit\u00e9 ! Drew et Pam visitent r\u00e9guli\u00e8rement l&rsquo;Algarve depuis les ann\u00e9es 70 et sont de v\u00e9ritables ambassadeurs de notre r\u00e9gion. Au fil des ans, ils sont devenus des amis proches de notre famille, tout comme tous leurs [&hellip;]<\/p>\n","protected":false},"author":1,"featured_media":0,"parent":0,"menu_order":0,"comment_status":"closed","ping_status":"closed","template":"","meta":{"_et_pb_use_builder":"on","_et_pb_old_content":"","_et_gb_content_width":"","inline_featured_image":false,"footnotes":""},"class_list":["post-893","page","type-page","status-publish","hentry"],"yoast_head":"<!-- This site is optimized with the Yoast SEO plugin v27.4 - https:\/\/yoast.com\/product\/yoast-seo-wordpress\/ -->\n<title>Algarve Lover&#039;s - Club de fid\u00e9lit\u00e9 - Nice Rent<\/title>\n<meta name=\"robots\" content=\"index, follow, max-snippet:-1, max-image-preview:large, max-video-preview:-1\" \/>\n<link rel=\"canonical\" href=\"https:\/\/www.nicerent.pt\/fr\/algarve-lovers-club-de-fidelite\/\" \/>\n<meta property=\"og:locale\" content=\"fr_FR\" \/>\n<meta property=\"og:type\" content=\"article\" \/>\n<meta property=\"og:title\" content=\"Algarve Lover&#039;s - Club de fid\u00e9lit\u00e9 - Nice Rent\" \/>\n<meta property=\"og:description\" content=\"Club de fid\u00e9lit\u00e9 WYLIE&#039;SLa famille Wylie incarne parfaitement l&#039;esprit qui nous a pouss\u00e9s \u00e0 cr\u00e9er notre club de fid\u00e9lit\u00e9 ! Drew et Pam visitent r\u00e9guli\u00e8rement l&#039;Algarve depuis les ann\u00e9es 70 et sont de v\u00e9ritables ambassadeurs de notre r\u00e9gion. Au fil des ans, ils sont devenus des amis proches de notre famille, tout comme tous leurs [&hellip;]\" \/>\n<meta property=\"og:url\" content=\"https:\/\/www.nicerent.pt\/fr\/algarve-lovers-club-de-fidelite\/\" \/>\n<meta property=\"og:site_name\" content=\"Nice Rent\" \/>\n<meta property=\"article:publisher\" content=\"https:\/\/www.facebook.com\/nicerentalgarve\" \/>\n<meta property=\"article:modified_time\" content=\"2026-02-09T11:19:00+00:00\" \/>\n<meta property=\"og:image\" content=\"https:\/\/www.nicerent.pt\/wp-content\/uploads\/2022\/01\/shutterstock_1396507892.jpg\" \/>\n\t<meta property=\"og:image:width\" content=\"1920\" \/>\n\t<meta property=\"og:image:height\" content=\"700\" \/>\n\t<meta property=\"og:image:type\" content=\"image\/jpeg\" \/>\n<meta name=\"twitter:card\" content=\"summary_large_image\" \/>\n<meta name=\"twitter:label1\" content=\"Dur\u00e9e de lecture estim\u00e9e\" \/>\n\t<meta name=\"twitter:data1\" content=\"4 minutes\" \/>\n<script type=\"application\/ld+json\" class=\"yoast-schema-graph\">{\"@context\":\"https:\\\/\\\/schema.org\",\"@graph\":[{\"@type\":\"WebPage\",\"@id\":\"https:\\\/\\\/www.nicerent.pt\\\/fr\\\/algarve-lovers-club-de-fidelite\\\/\",\"url\":\"https:\\\/\\\/www.nicerent.pt\\\/fr\\\/algarve-lovers-club-de-fidelite\\\/\",\"name\":\"Algarve Lover's - Club de fid\u00e9lit\u00e9 - Nice Rent\",\"isPartOf\":{\"@id\":\"https:\\\/\\\/www.nicerent.pt\\\/#website\"},\"datePublished\":\"2022-01-26T11:10:31+00:00\",\"dateModified\":\"2026-02-09T11:19:00+00:00\",\"breadcrumb\":{\"@id\":\"https:\\\/\\\/www.nicerent.pt\\\/fr\\\/algarve-lovers-club-de-fidelite\\\/#breadcrumb\"},\"inLanguage\":\"fr-FR\",\"potentialAction\":[{\"@type\":\"ReadAction\",\"target\":[\"https:\\\/\\\/www.nicerent.pt\\\/fr\\\/algarve-lovers-club-de-fidelite\\\/\"]}]},{\"@type\":\"BreadcrumbList\",\"@id\":\"https:\\\/\\\/www.nicerent.pt\\\/fr\\\/algarve-lovers-club-de-fidelite\\\/#breadcrumb\",\"itemListElement\":[{\"@type\":\"ListItem\",\"position\":1,\"name\":\"In\u00edcio\",\"item\":\"https:\\\/\\\/www.nicerent.pt\\\/fr\\\/home\\\/\"},{\"@type\":\"ListItem\",\"position\":2,\"name\":\"Algarve Lover&rsquo;s &#8211; Club de fid\u00e9lit\u00e9\"}]},{\"@type\":\"WebSite\",\"@id\":\"https:\\\/\\\/www.nicerent.pt\\\/#website\",\"url\":\"https:\\\/\\\/www.nicerent.pt\\\/\",\"name\":\"Nice Rent\",\"description\":\"A sua rent a car de confian\u00e7a\",\"publisher\":{\"@id\":\"https:\\\/\\\/www.nicerent.pt\\\/#organization\"},\"potentialAction\":[{\"@type\":\"SearchAction\",\"target\":{\"@type\":\"EntryPoint\",\"urlTemplate\":\"https:\\\/\\\/www.nicerent.pt\\\/?s={search_term_string}\"},\"query-input\":{\"@type\":\"PropertyValueSpecification\",\"valueRequired\":true,\"valueName\":\"search_term_string\"}}],\"inLanguage\":\"fr-FR\"},{\"@type\":\"Organization\",\"@id\":\"https:\\\/\\\/www.nicerent.pt\\\/#organization\",\"name\":\"Nice Rent\",\"url\":\"https:\\\/\\\/www.nicerent.pt\\\/\",\"logo\":{\"@type\":\"ImageObject\",\"inLanguage\":\"fr-FR\",\"@id\":\"https:\\\/\\\/www.nicerent.pt\\\/#\\\/schema\\\/logo\\\/image\\\/\",\"url\":\"https:\\\/\\\/www.nicerent.pt\\\/wp-content\\\/uploads\\\/2022\\\/01\\\/NICE-RENT-sem-fundo.png\",\"contentUrl\":\"https:\\\/\\\/www.nicerent.pt\\\/wp-content\\\/uploads\\\/2022\\\/01\\\/NICE-RENT-sem-fundo.png\",\"width\":436,\"height\":352,\"caption\":\"Nice Rent\"},\"image\":{\"@id\":\"https:\\\/\\\/www.nicerent.pt\\\/#\\\/schema\\\/logo\\\/image\\\/\"},\"sameAs\":[\"https:\\\/\\\/www.facebook.com\\\/nicerentalgarve\"]}]}<\/script>\n<!-- \/ Yoast SEO plugin. -->","yoast_head_json":{"title":"Algarve Lover's - Club de fid\u00e9lit\u00e9 - Nice Rent","robots":{"index":"index","follow":"follow","max-snippet":"max-snippet:-1","max-image-preview":"max-image-preview:large","max-video-preview":"max-video-preview:-1"},"canonical":"https:\/\/www.nicerent.pt\/fr\/algarve-lovers-club-de-fidelite\/","og_locale":"fr_FR","og_type":"article","og_title":"Algarve Lover's - Club de fid\u00e9lit\u00e9 - Nice Rent","og_description":"Club de fid\u00e9lit\u00e9 WYLIE'SLa famille Wylie incarne parfaitement l'esprit qui nous a pouss\u00e9s \u00e0 cr\u00e9er notre club de fid\u00e9lit\u00e9 ! Drew et Pam visitent r\u00e9guli\u00e8rement l'Algarve depuis les ann\u00e9es 70 et sont de v\u00e9ritables ambassadeurs de notre r\u00e9gion. Au fil des ans, ils sont devenus des amis proches de notre famille, tout comme tous leurs [&hellip;]","og_url":"https:\/\/www.nicerent.pt\/fr\/algarve-lovers-club-de-fidelite\/","og_site_name":"Nice Rent","article_publisher":"https:\/\/www.facebook.com\/nicerentalgarve","article_modified_time":"2026-02-09T11:19:00+00:00","og_image":[{"width":1920,"height":700,"url":"https:\/\/www.nicerent.pt\/wp-content\/uploads\/2022\/01\/shutterstock_1396507892.jpg","type":"image\/jpeg"}],"twitter_card":"summary_large_image","twitter_misc":{"Dur\u00e9e de lecture estim\u00e9e":"4 minutes"},"schema":{"@context":"https:\/\/schema.org","@graph":[{"@type":"WebPage","@id":"https:\/\/www.nicerent.pt\/fr\/algarve-lovers-club-de-fidelite\/","url":"https:\/\/www.nicerent.pt\/fr\/algarve-lovers-club-de-fidelite\/","name":"Algarve Lover's - Club de fid\u00e9lit\u00e9 - Nice Rent","isPartOf":{"@id":"https:\/\/www.nicerent.pt\/#website"},"datePublished":"2022-01-26T11:10:31+00:00","dateModified":"2026-02-09T11:19:00+00:00","breadcrumb":{"@id":"https:\/\/www.nicerent.pt\/fr\/algarve-lovers-club-de-fidelite\/#breadcrumb"},"inLanguage":"fr-FR","potentialAction":[{"@type":"ReadAction","target":["https:\/\/www.nicerent.pt\/fr\/algarve-lovers-club-de-fidelite\/"]}]},{"@type":"BreadcrumbList","@id":"https:\/\/www.nicerent.pt\/fr\/algarve-lovers-club-de-fidelite\/#breadcrumb","itemListElement":[{"@type":"ListItem","position":1,"name":"In\u00edcio","item":"https:\/\/www.nicerent.pt\/fr\/home\/"},{"@type":"ListItem","position":2,"name":"Algarve Lover&rsquo;s &#8211; Club de fid\u00e9lit\u00e9"}]},{"@type":"WebSite","@id":"https:\/\/www.nicerent.pt\/#website","url":"https:\/\/www.nicerent.pt\/","name":"Nice Rent","description":"A sua rent a car de confian\u00e7a","publisher":{"@id":"https:\/\/www.nicerent.pt\/#organization"},"potentialAction":[{"@type":"SearchAction","target":{"@type":"EntryPoint","urlTemplate":"https:\/\/www.nicerent.pt\/?s={search_term_string}"},"query-input":{"@type":"PropertyValueSpecification","valueRequired":true,"valueName":"search_term_string"}}],"inLanguage":"fr-FR"},{"@type":"Organization","@id":"https:\/\/www.nicerent.pt\/#organization","name":"Nice Rent","url":"https:\/\/www.nicerent.pt\/","logo":{"@type":"ImageObject","inLanguage":"fr-FR","@id":"https:\/\/www.nicerent.pt\/#\/schema\/logo\/image\/","url":"https:\/\/www.nicerent.pt\/wp-content\/uploads\/2022\/01\/NICE-RENT-sem-fundo.png","contentUrl":"https:\/\/www.nicerent.pt\/wp-content\/uploads\/2022\/01\/NICE-RENT-sem-fundo.png","width":436,"height":352,"caption":"Nice Rent"},"image":{"@id":"https:\/\/www.nicerent.pt\/#\/schema\/logo\/image\/"},"sameAs":["https:\/\/www.facebook.com\/nicerentalgarve"]}]}},"_links":{"self":[{"href":"https:\/\/www.nicerent.pt\/fr\/wp-json\/wp\/v2\/pages\/893","targetHints":{"allow":["GET"]}}],"collection":[{"href":"https:\/\/www.nicerent.pt\/fr\/wp-json\/wp\/v2\/pages"}],"about":[{"href":"https:\/\/www.nicerent.pt\/fr\/wp-json\/wp\/v2\/types\/page"}],"author":[{"embeddable":true,"href":"https:\/\/www.nicerent.pt\/fr\/wp-json\/wp\/v2\/users\/1"}],"replies":[{"embeddable":true,"href":"https:\/\/www.nicerent.pt\/fr\/wp-json\/wp\/v2\/comments?post=893"}],"version-history":[{"count":0,"href":"https:\/\/www.nicerent.pt\/fr\/wp-json\/wp\/v2\/pages\/893\/revisions"}],"wp:attachment":[{"href":"https:\/\/www.nicerent.pt\/fr\/wp-json\/wp\/v2\/media?parent=893"}],"curies":[{"name":"wp","href":"https:\/\/api.w.org\/{rel}","templated":true}]}}