{"id":887,"date":"2022-11-15T15:20:59","date_gmt":"2022-11-15T15:20:59","guid":{"rendered":"https:\/\/www.nicerent.pt\/faq\/"},"modified":"2026-02-09T11:01:01","modified_gmt":"2026-02-09T11:01:01","slug":"faq","status":"publish","type":"page","link":"https:\/\/www.nicerent.pt\/fr\/faq\/","title":{"rendered":"FAQ"},"content":{"rendered":"<p>[et_pb_section fb_built=\u00a0\u00bb1&Prime; _builder_version=\u00a0\u00bb4.19.0&Prime; _module_preset=\u00a0\u00bbdefault\u00a0\u00bb global_colors_info=\u00a0\u00bb{}\u00a0\u00bb][et_pb_row _builder_version=\u00a0\u00bb4.24.0&Prime; _module_preset=\u00a0\u00bbdefault\u00a0\u00bb global_colors_info=\u00a0\u00bb{}\u00a0\u00bb][et_pb_column type=\u00a0\u00bb4_4&Prime; _builder_version=\u00a0\u00bb4.19.0&Prime; _module_preset=\u00a0\u00bbdefault\u00a0\u00bb global_colors_info=\u00a0\u00bb{}\u00a0\u00bb][et_pb_text _builder_version=\u00a0\u00bb4.24.0&Prime; _module_preset=\u00a0\u00bbdefault\u00a0\u00bb global_colors_info=\u00a0\u00bb{}\u00a0\u00bb]<\/p>\n<p><strong>QUESTIONS FR\u00c9QUENTES<\/strong><\/p>\n<p>[\/et_pb_text][et_pb_text _builder_version=\u00a0\u00bb4.24.0&Prime; _module_preset=\u00a0\u00bbdefault\u00a0\u00bb global_colors_info=\u00a0\u00bb{}\u00a0\u00bb]<\/p>\n<ol><\/ol>\n<ol>\n<li><b>Dur\u00e9e minimale de location ?<\/b> En r\u00e8gle g\u00e9n\u00e9rale, la dur\u00e9e minimale de location est de 3 jours. Notre site web permet la location pour des p\u00e9riodes plus courtes, mais celle-ci est soumise \u00e0 reconfirmation.<\/li>\n<li><strong>Quel est l&rsquo;\u00e2ge minimum requis pour louer un v\u00e9hicule ?<\/strong> L&rsquo;\u00e2ge minimum requis est de 21 ans, avec au moins 1 an de permis de conduire. De 21 \u00e0 23 ans, un suppl\u00e9ment jeune conducteur de 25,00 \u20ac par location est appliqu\u00e9.<b style=\"font-family: 'Nunito Sans', Helvetica, Arial, Lucida, sans-serif; font-size: 15px;\"><\/b><\/li>\n<li><strong>Quelle est la politique en mati\u00e8re de carburant ?<\/strong> Nos v\u00e9hicules sont g\u00e9n\u00e9ralement livr\u00e9s avec le r\u00e9servoir plein et doivent \u00eatre restitu\u00e9s dans le m\u00eame \u00e9tat. Une taxe de r\u00e9approvisionnement pourra \u00eatre factur\u00e9e en cas de restitution du v\u00e9hicule avec moins de carburant, d&rsquo;un montant de 15,00 euros.<b style=\"font-family: 'Nunito Sans', Helvetica, Arial, Lucida, sans-serif; font-size: 15px;\"><\/b><\/li>\n<li><strong>Le v\u00e9hicule peut-il passer la fronti\u00e8re vers l&rsquo;Espagne ou d&rsquo;autres pays d&rsquo;Europe ?<\/strong> Nos v\u00e9hicules ne sont autoris\u00e9s \u00e0 circuler qu&rsquo;au Portugal et en Espagne. La circulation en Espagne doit \u00eatre pr\u00e9alablement signal\u00e9e et autoris\u00e9e par Nice Rent. Ce service entra\u00eene un suppl\u00e9ment de 25,00 euros par location.<\/li>\n<li><strong>Comment fonctionne le p\u00e9age ?<\/strong> Nos v\u00e9hicules sont \u00e9quip\u00e9s d&rsquo;un dispositif de contr\u00f4le des passages sur les autoroutes. Cet \u00e9quipement et ce service co\u00fbtent 6,00 euros par location. Le montant r\u00e9el de l&rsquo;utilisation des p\u00e9ages par le client sera d\u00e9bit\u00e9 de la carte de d\u00e9p\u00f4t dans les 15 jours suivant la fin du contrat.<\/li>\n<li><b>Quels modes de paiement sont accept\u00e9s ?<\/b> Le paiement peut \u00eatre effectu\u00e9 en esp\u00e8ces (euros), par carte de cr\u00e9dit ou de d\u00e9bit. Le client devra laisser une carte de cr\u00e9dit \u00e0 titre de caution et de garantie du paiement de toutes les d\u00e9penses li\u00e9es \u00e0 la location. (franchise, p\u00e9ages, carburant, etc.) Toutes les cartes de cr\u00e9dit sont accept\u00e9es. Seules les cartes de d\u00e9bit Visa ou Mastercard sont accept\u00e9es.<\/li>\n<li><strong>Comment savoir si ma r\u00e9servation est confirm\u00e9e ?<\/strong> Vous recevrez un e-mail de confirmation dans les 24 heures suivant votre demande.<\/li>\n<li><strong>Comment puis-je modifier ma r\u00e9servation?<\/strong> Envoyez un e-mail \u00e0 <a href=\"mailto:info@nicerent.pt,\">info@nicerent.pt,<\/a> en indiquant votre num\u00e9ro de r\u00e9servation et la modification souhait\u00e9e, et vous recevrez une r\u00e9ponse de notre service client\u00e8le.<\/li>\n<li><strong>Quelle est la politique d&rsquo;annulation ?<\/strong> Nice Rent n&rsquo;applique aucune p\u00e9nalit\u00e9 en cas d&rsquo;annulation, mais remercie le client de bien vouloir l&rsquo;informer le plus t\u00f4t possible afin que l&rsquo;entreprise ne subisse aucun pr\u00e9judice.<\/li>\n<\/ol>\n<p>[\/et_pb_text][\/et_pb_column][\/et_pb_row][\/et_pb_section]<\/p>\n","protected":false},"excerpt":{"rendered":"<p>QUESTIONS FR\u00c9QUENTES Dur\u00e9e minimale de location ? En r\u00e8gle g\u00e9n\u00e9rale, la dur\u00e9e minimale de location est de 3 jours. Notre site web permet la location pour des p\u00e9riodes plus courtes, mais celle-ci est soumise \u00e0 reconfirmation. Quel est l&rsquo;\u00e2ge minimum requis pour louer un v\u00e9hicule ? L&rsquo;\u00e2ge minimum requis est de 21 ans, avec au [&hellip;]<\/p>\n","protected":false},"author":1,"featured_media":0,"parent":0,"menu_order":0,"comment_status":"closed","ping_status":"closed","template":"","meta":{"_et_pb_use_builder":"on","_et_pb_old_content":"","_et_gb_content_width":"","inline_featured_image":false,"footnotes":""},"class_list":["post-887","page","type-page","status-publish","hentry"],"yoast_head":"<!-- This site is optimized with the Yoast SEO plugin v27.4 - https:\/\/yoast.com\/product\/yoast-seo-wordpress\/ -->\n<title>FAQ - Nice Rent<\/title>\n<meta name=\"robots\" content=\"index, follow, max-snippet:-1, max-image-preview:large, max-video-preview:-1\" \/>\n<link rel=\"canonical\" href=\"https:\/\/www.nicerent.pt\/fr\/faq\/\" \/>\n<meta property=\"og:locale\" content=\"fr_FR\" \/>\n<meta property=\"og:type\" content=\"article\" \/>\n<meta property=\"og:title\" content=\"FAQ - Nice Rent\" \/>\n<meta property=\"og:description\" content=\"QUESTIONS FR\u00c9QUENTES Dur\u00e9e minimale de location ? En r\u00e8gle g\u00e9n\u00e9rale, la dur\u00e9e minimale de location est de 3 jours. Notre site web permet la location pour des p\u00e9riodes plus courtes, mais celle-ci est soumise \u00e0 reconfirmation. Quel est l&#039;\u00e2ge minimum requis pour louer un v\u00e9hicule ? L&#039;\u00e2ge minimum requis est de 21 ans, avec au [&hellip;]\" \/>\n<meta property=\"og:url\" content=\"https:\/\/www.nicerent.pt\/fr\/faq\/\" \/>\n<meta property=\"og:site_name\" content=\"Nice Rent\" \/>\n<meta property=\"article:publisher\" content=\"https:\/\/www.facebook.com\/nicerentalgarve\" \/>\n<meta property=\"article:modified_time\" content=\"2026-02-09T11:01:01+00:00\" \/>\n<meta property=\"og:image\" content=\"https:\/\/www.nicerent.pt\/wp-content\/uploads\/2022\/01\/shutterstock_1396507892.jpg\" \/>\n\t<meta property=\"og:image:width\" content=\"1920\" \/>\n\t<meta property=\"og:image:height\" content=\"700\" \/>\n\t<meta property=\"og:image:type\" content=\"image\/jpeg\" \/>\n<meta name=\"twitter:card\" content=\"summary_large_image\" \/>\n<meta name=\"twitter:label1\" content=\"Dur\u00e9e de lecture estim\u00e9e\" \/>\n\t<meta name=\"twitter:data1\" content=\"2 minutes\" \/>\n<script type=\"application\/ld+json\" class=\"yoast-schema-graph\">{\"@context\":\"https:\\\/\\\/schema.org\",\"@graph\":[{\"@type\":\"WebPage\",\"@id\":\"https:\\\/\\\/www.nicerent.pt\\\/fr\\\/faq\\\/\",\"url\":\"https:\\\/\\\/www.nicerent.pt\\\/fr\\\/faq\\\/\",\"name\":\"FAQ - Nice Rent\",\"isPartOf\":{\"@id\":\"https:\\\/\\\/www.nicerent.pt\\\/#website\"},\"datePublished\":\"2022-11-15T15:20:59+00:00\",\"dateModified\":\"2026-02-09T11:01:01+00:00\",\"breadcrumb\":{\"@id\":\"https:\\\/\\\/www.nicerent.pt\\\/fr\\\/faq\\\/#breadcrumb\"},\"inLanguage\":\"fr-FR\",\"potentialAction\":[{\"@type\":\"ReadAction\",\"target\":[\"https:\\\/\\\/www.nicerent.pt\\\/fr\\\/faq\\\/\"]}]},{\"@type\":\"BreadcrumbList\",\"@id\":\"https:\\\/\\\/www.nicerent.pt\\\/fr\\\/faq\\\/#breadcrumb\",\"itemListElement\":[{\"@type\":\"ListItem\",\"position\":1,\"name\":\"In\u00edcio\",\"item\":\"https:\\\/\\\/www.nicerent.pt\\\/fr\\\/home\\\/\"},{\"@type\":\"ListItem\",\"position\":2,\"name\":\"FAQ\"}]},{\"@type\":\"WebSite\",\"@id\":\"https:\\\/\\\/www.nicerent.pt\\\/#website\",\"url\":\"https:\\\/\\\/www.nicerent.pt\\\/\",\"name\":\"Nice Rent\",\"description\":\"A sua rent a car de confian\u00e7a\",\"publisher\":{\"@id\":\"https:\\\/\\\/www.nicerent.pt\\\/#organization\"},\"potentialAction\":[{\"@type\":\"SearchAction\",\"target\":{\"@type\":\"EntryPoint\",\"urlTemplate\":\"https:\\\/\\\/www.nicerent.pt\\\/?s={search_term_string}\"},\"query-input\":{\"@type\":\"PropertyValueSpecification\",\"valueRequired\":true,\"valueName\":\"search_term_string\"}}],\"inLanguage\":\"fr-FR\"},{\"@type\":\"Organization\",\"@id\":\"https:\\\/\\\/www.nicerent.pt\\\/#organization\",\"name\":\"Nice Rent\",\"url\":\"https:\\\/\\\/www.nicerent.pt\\\/\",\"logo\":{\"@type\":\"ImageObject\",\"inLanguage\":\"fr-FR\",\"@id\":\"https:\\\/\\\/www.nicerent.pt\\\/#\\\/schema\\\/logo\\\/image\\\/\",\"url\":\"https:\\\/\\\/www.nicerent.pt\\\/wp-content\\\/uploads\\\/2022\\\/01\\\/NICE-RENT-sem-fundo.png\",\"contentUrl\":\"https:\\\/\\\/www.nicerent.pt\\\/wp-content\\\/uploads\\\/2022\\\/01\\\/NICE-RENT-sem-fundo.png\",\"width\":436,\"height\":352,\"caption\":\"Nice Rent\"},\"image\":{\"@id\":\"https:\\\/\\\/www.nicerent.pt\\\/#\\\/schema\\\/logo\\\/image\\\/\"},\"sameAs\":[\"https:\\\/\\\/www.facebook.com\\\/nicerentalgarve\"]}]}<\/script>\n<!-- \/ Yoast SEO plugin. -->","yoast_head_json":{"title":"FAQ - Nice Rent","robots":{"index":"index","follow":"follow","max-snippet":"max-snippet:-1","max-image-preview":"max-image-preview:large","max-video-preview":"max-video-preview:-1"},"canonical":"https:\/\/www.nicerent.pt\/fr\/faq\/","og_locale":"fr_FR","og_type":"article","og_title":"FAQ - Nice Rent","og_description":"QUESTIONS FR\u00c9QUENTES Dur\u00e9e minimale de location ? En r\u00e8gle g\u00e9n\u00e9rale, la dur\u00e9e minimale de location est de 3 jours. Notre site web permet la location pour des p\u00e9riodes plus courtes, mais celle-ci est soumise \u00e0 reconfirmation. Quel est l'\u00e2ge minimum requis pour louer un v\u00e9hicule ? L'\u00e2ge minimum requis est de 21 ans, avec au [&hellip;]","og_url":"https:\/\/www.nicerent.pt\/fr\/faq\/","og_site_name":"Nice Rent","article_publisher":"https:\/\/www.facebook.com\/nicerentalgarve","article_modified_time":"2026-02-09T11:01:01+00:00","og_image":[{"width":1920,"height":700,"url":"https:\/\/www.nicerent.pt\/wp-content\/uploads\/2022\/01\/shutterstock_1396507892.jpg","type":"image\/jpeg"}],"twitter_card":"summary_large_image","twitter_misc":{"Dur\u00e9e de lecture estim\u00e9e":"2 minutes"},"schema":{"@context":"https:\/\/schema.org","@graph":[{"@type":"WebPage","@id":"https:\/\/www.nicerent.pt\/fr\/faq\/","url":"https:\/\/www.nicerent.pt\/fr\/faq\/","name":"FAQ - Nice Rent","isPartOf":{"@id":"https:\/\/www.nicerent.pt\/#website"},"datePublished":"2022-11-15T15:20:59+00:00","dateModified":"2026-02-09T11:01:01+00:00","breadcrumb":{"@id":"https:\/\/www.nicerent.pt\/fr\/faq\/#breadcrumb"},"inLanguage":"fr-FR","potentialAction":[{"@type":"ReadAction","target":["https:\/\/www.nicerent.pt\/fr\/faq\/"]}]},{"@type":"BreadcrumbList","@id":"https:\/\/www.nicerent.pt\/fr\/faq\/#breadcrumb","itemListElement":[{"@type":"ListItem","position":1,"name":"In\u00edcio","item":"https:\/\/www.nicerent.pt\/fr\/home\/"},{"@type":"ListItem","position":2,"name":"FAQ"}]},{"@type":"WebSite","@id":"https:\/\/www.nicerent.pt\/#website","url":"https:\/\/www.nicerent.pt\/","name":"Nice Rent","description":"A sua rent a car de confian\u00e7a","publisher":{"@id":"https:\/\/www.nicerent.pt\/#organization"},"potentialAction":[{"@type":"SearchAction","target":{"@type":"EntryPoint","urlTemplate":"https:\/\/www.nicerent.pt\/?s={search_term_string}"},"query-input":{"@type":"PropertyValueSpecification","valueRequired":true,"valueName":"search_term_string"}}],"inLanguage":"fr-FR"},{"@type":"Organization","@id":"https:\/\/www.nicerent.pt\/#organization","name":"Nice Rent","url":"https:\/\/www.nicerent.pt\/","logo":{"@type":"ImageObject","inLanguage":"fr-FR","@id":"https:\/\/www.nicerent.pt\/#\/schema\/logo\/image\/","url":"https:\/\/www.nicerent.pt\/wp-content\/uploads\/2022\/01\/NICE-RENT-sem-fundo.png","contentUrl":"https:\/\/www.nicerent.pt\/wp-content\/uploads\/2022\/01\/NICE-RENT-sem-fundo.png","width":436,"height":352,"caption":"Nice Rent"},"image":{"@id":"https:\/\/www.nicerent.pt\/#\/schema\/logo\/image\/"},"sameAs":["https:\/\/www.facebook.com\/nicerentalgarve"]}]}},"_links":{"self":[{"href":"https:\/\/www.nicerent.pt\/fr\/wp-json\/wp\/v2\/pages\/887","targetHints":{"allow":["GET"]}}],"collection":[{"href":"https:\/\/www.nicerent.pt\/fr\/wp-json\/wp\/v2\/pages"}],"about":[{"href":"https:\/\/www.nicerent.pt\/fr\/wp-json\/wp\/v2\/types\/page"}],"author":[{"embeddable":true,"href":"https:\/\/www.nicerent.pt\/fr\/wp-json\/wp\/v2\/users\/1"}],"replies":[{"embeddable":true,"href":"https:\/\/www.nicerent.pt\/fr\/wp-json\/wp\/v2\/comments?post=887"}],"version-history":[{"count":0,"href":"https:\/\/www.nicerent.pt\/fr\/wp-json\/wp\/v2\/pages\/887\/revisions"}],"wp:attachment":[{"href":"https:\/\/www.nicerent.pt\/fr\/wp-json\/wp\/v2\/media?parent=887"}],"curies":[{"name":"wp","href":"https:\/\/api.w.org\/{rel}","templated":true}]}}